{"id":1179,"date":"2017-04-07T14:04:07","date_gmt":"2017-04-07T14:04:07","guid":{"rendered":"https:\/\/avistacm.com\/e-learning\/"},"modified":"2024-07-11T16:02:16","modified_gmt":"2024-07-11T16:02:16","slug":"e-learning","status":"publish","type":"page","link":"https:\/\/avistacm.com\/pl\/e-learning\/","title":{"rendered":"E-LEARNING"},"content":{"rendered":"\n<p>Oferujemy technologie e-learningowe wspieraj\u0105ce proces nauczania w sektorze akademickim. Zapewniamy szybk\u0105 i wygodn\u0105 nauk\u0119, wi\u0119ksz\u0105 efektywno\u015b\u0107 i lepsze rezultaty. Sprawd\u017a, jak e-learning mo\u017ce Ci pom\u00f3c i dlaczego warto z niego skorzysta\u0107.&nbsp;<\/p>\n\n\n\n<h2 class=\"wp-block-heading\">Platformy e-learningowe&nbsp;<\/h2>\n\n\n\n<p>Je\u015bli szukasz nowoczesnych i elastycznych narz\u0119dzi, kt\u00f3re wespr\u0105 proces kszta\u0142cenia w Twojej instytucji, platforma e-learningowa jest idealnym rozwi\u0105zaniem.&nbsp;<\/p>\n\n\n\n<h2 class=\"wp-block-heading\">Potrzeby szkoleniowe&nbsp;<\/h2>\n\n\n\n<p>Szybko i skutecznie odpowiadaj na potrzeby szkoleniowe. Platforma e-learningowa jest stabilnym, wygodnym i \u0142atwym w obs\u0142udze narz\u0119dziem, kt\u00f3re nie wymaga skomplikowanej wiedzy technicznej.&nbsp;<\/p>\n\n\n\n<h2 class=\"wp-block-heading\">Szereg funkcjonalno\u015bci&nbsp;<\/h2>\n\n\n\n<p>Udost\u0119pniaj i publikuj kursy online u\u017cytkownikom, kiedy tylko ich potrzebujesz. Przejrzysta i intuicyjna platforma posiada wiele funkcji, kt\u00f3re u\u0142atwi\u0105 Ci dzielenie si\u0119 wiedz\u0105 i tre\u015bciami edukacyjnymi.&nbsp;<\/p>\n\n\n\n<h2 class=\"wp-block-heading\">Monitorowanie aktywno\u015bci&nbsp;<\/h2>\n\n\n\n<p>Na platformie znajdziesz szczeg\u00f3\u0142owe raporty dotycz\u0105ce osi\u0105gni\u0119\u0107 i post\u0119p\u00f3w u\u017cytkownik\u00f3w. Dzi\u0119ki temu mo\u017cesz na bie\u017c\u0105co monitorowa\u0107 ich dzia\u0142ania i pobiera\u0107 raporty wed\u0142ug wybranych kryteri\u00f3w.&nbsp;<\/p>\n\n\n\n<h2 class=\"wp-block-heading\">Dlaczego warto nas wybra\u0107?<\/h2>\n\n\n\n<p>Szybko i sprawnie przeprowadzisz proces szkoleniowy w swojej organizacji lub instytucji.&nbsp;<\/p>\n\n\n\n<p>Nie musisz posiada\u0107 wiedzy informatycznej. Platforma jest niezwykle intuicyjna w obs\u0142udze.&nbsp;<\/p>\n\n\n\n<p>Platforma e-learningowa jest dost\u0119pna 24 godziny na dob\u0119, 7 dni w tygodniu i pozwala na wygodn\u0105 nauk\u0119 w dowolnym miejscu, czasie i we w\u0142asnym tempie.&nbsp;<\/p>\n\n\n\n<p>Platforma jest stale aktualizowana i rozwijana. Mo\u017cesz tak\u017ce liczy\u0107 na sta\u0142e wsparcie i pomoc naszych ekspert\u00f3w.&nbsp;<\/p>\n\n\n\n<p>Dostarczysz stabilne narz\u0119dzie do opracowywania i realizacji dora\u017anych potrzeb zwi\u0105zanych z edukacj\u0105.&nbsp;<\/p>\n\n\n\n<h2 class=\"wp-block-heading\">Co oferujemy?&nbsp;<\/h2>\n\n\n\n<p>&nbsp;W naszej ofercie znajduje si\u0119 ponad 80 kompletnych kurs\u00f3w online oraz 400 modu\u0142\u00f3w szkoleniowych przygotowanych w pakietach SCORM. Prowadzimy zaj\u0119cia z takich temat\u00f3w jak:&nbsp;<\/p>\n\n\n\n<ul class=\"wp-block-list\">\n<li>Zarz\u0105dzanie\u00a0<\/li>\n\n\n\n<li>Finanse i Rachunkowo\u015b\u0107\u00a0<\/li>\n\n\n\n<li>IT\u00a0<\/li>\n\n\n\n<li>Ekonomia\u00a0<\/li>\n\n\n\n<li>Turystyka i Rekreacja\u00a0<\/li>\n<\/ul>\n\n\n\n<p>Avista CM wsp\u00f3\u0142pracuje z cenion\u0105 Uczelni\u0105 Vistula. Jeste\u015bmy jedyn\u0105 organizacj\u0105 z Europy \u015arodkowej, kt\u00f3rej kursy dost\u0119pne s\u0105 na platformie MOOC \u2013 Canvas.net.&nbsp;<\/p>\n\n\n\n<p>AVISTA zapewnia tak\u017ce wsparcie w procesie certyfikacji EOCCS w zakresie materia\u0142\u00f3w e-learningowych (<a href=\"https:\/\/www.efmd.org\/accreditation-main\">https:\/\/www.efmd.org\/accreditation-main<\/a>).&nbsp;<\/p>\n\n\n\n<p><a href=\"https:\/\/www.youtube.com\/watch?v=P3D6RticaYQ\">Zobacz czym s\u0105 studia online&nbsp;<\/a><\/p>\n\n\n\n<p>Sprawd\u017a przyk\u0142ady naszych kurs\u00f3w:&nbsp;<\/p>\n\n\n\n<ul class=\"wp-block-list\">\n<li><a href=\"http:\/\/mobilne.vistula.edu.pl\/DEMOZIP1\/story_html5.html\">zobacz kurs<\/a><\/li>\n\n\n\n<li><a href=\"_wp_link_placeholder\">zobacz kurs<\/a><\/li>\n<\/ul>\n","protected":false},"excerpt":{"rendered":"<p>Oferujemy technologie e-learningowe wspieraj\u0105ce proces nauczania w sektorze akademickim. Zapewniamy szybk\u0105 i wygodn\u0105 nauk\u0119, wi\u0119ksz\u0105 efektywno\u015b\u0107 i lepsze rezultaty. Sprawd\u017a, jak e-learning mo\u017ce Ci pom\u00f3c i dlaczego warto z niego skorzysta\u0107.&nbsp; Platformy e-learningowe&nbsp; Je\u015bli szukasz nowoczesnych i elastycznych narz\u0119dzi, kt\u00f3re wespr\u0105 proces kszta\u0142cenia w Twojej instytucji, platforma e-learningowa jest idealnym rozwi\u0105zaniem.&nbsp; Potrzeby szkoleniowe&nbsp; Szybko i<\/p>\n","protected":false},"author":57,"featured_media":1070,"parent":0,"menu_order":0,"comment_status":"closed","ping_status":"closed","template":"","meta":{"footnotes":""},"class_list":["post-1179","page","type-page","status-publish","has-post-thumbnail","hentry"],"_links":{"self":[{"href":"https:\/\/avistacm.com\/pl\/wp-json\/wp\/v2\/pages\/1179","targetHints":{"allow":["GET"]}}],"collection":[{"href":"https:\/\/avistacm.com\/pl\/wp-json\/wp\/v2\/pages"}],"about":[{"href":"https:\/\/avistacm.com\/pl\/wp-json\/wp\/v2\/types\/page"}],"author":[{"embeddable":true,"href":"https:\/\/avistacm.com\/pl\/wp-json\/wp\/v2\/users\/57"}],"replies":[{"embeddable":true,"href":"https:\/\/avistacm.com\/pl\/wp-json\/wp\/v2\/comments?post=1179"}],"version-history":[{"count":5,"href":"https:\/\/avistacm.com\/pl\/wp-json\/wp\/v2\/pages\/1179\/revisions"}],"predecessor-version":[{"id":2979,"href":"https:\/\/avistacm.com\/pl\/wp-json\/wp\/v2\/pages\/1179\/revisions\/2979"}],"wp:featuredmedia":[{"embeddable":true,"href":"https:\/\/avistacm.com\/pl\/wp-json\/wp\/v2\/media\/1070"}],"wp:attachment":[{"href":"https:\/\/avistacm.com\/pl\/wp-json\/wp\/v2\/media?parent=1179"}],"curies":[{"name":"wp","href":"https:\/\/api.w.org\/{rel}","templated":true}]}}