{"id":1896,"date":"2018-02-13T15:57:14","date_gmt":"2018-02-13T15:57:14","guid":{"rendered":"https:\/\/avistacm.com\/?page_id=1896\/"},"modified":"2024-07-11T16:20:32","modified_gmt":"2024-07-11T16:20:32","slug":"o-nas","status":"publish","type":"page","link":"https:\/\/avistacm.com\/pl\/o-nas\/","title":{"rendered":"O NAS"},"content":{"rendered":"<p><span class=\"TextRun SCXW197648222 BCX0\" lang=\"PL-PL\" xml:lang=\"PL-PL\" data-contrast=\"auto\"><span class=\"NormalTextRun SpellingErrorV2Themed SCXW197648222 BCX0\">Avista<\/span><span class=\"NormalTextRun SCXW197648222 BCX0\"> jest wiod\u0105c\u0105 firm\u0105 zajmuj\u0105c\u0105 si\u0119 doradztwem edukacyjnym i zarz\u0105dzaniem projektami. Specjalizujemy si\u0119 w przej\u0119ciach, fuzjach i restrukturyzacjach instytucji szkolnictwa wy\u017cszego w Europie. Posiadamy du\u017ce do\u015bwiadczenie w zarz\u0105dzaniu projektami unijnymi oraz doradztwie w zakresie obs\u0142ugi prawnej i akredytacji mi\u0119dzynarodowych dla uczelni<\/span><span class=\"NormalTextRun SCXW197648222 BCX0\">.<\/span><\/span><span class=\"EOP SCXW197648222 BCX0\" data-ccp-props=\"{&quot;134233117&quot;:false,&quot;134233118&quot;:false,&quot;201341983&quot;:0,&quot;335559738&quot;:0,&quot;335559739&quot;:0,&quot;335559740&quot;:279}\">\u00a0<\/span><\/p>\n","protected":false},"excerpt":{"rendered":"<p>Avista jest wiod\u0105c\u0105 firm\u0105 zajmuj\u0105c\u0105 si\u0119 doradztwem edukacyjnym i zarz\u0105dzaniem projektami. Specjalizujemy si\u0119 w przej\u0119ciach, fuzjach i restrukturyzacjach instytucji szkolnictwa wy\u017cszego w Europie. Posiadamy du\u017ce do\u015bwiadczenie w zarz\u0105dzaniu projektami unijnymi oraz doradztwie w zakresie obs\u0142ugi prawnej i akredytacji mi\u0119dzynarodowych dla uczelni.\u00a0<\/p>\n","protected":false},"author":57,"featured_media":0,"parent":0,"menu_order":0,"comment_status":"closed","ping_status":"closed","template":"","meta":{"footnotes":""},"class_list":["post-1896","page","type-page","status-publish","hentry"],"_links":{"self":[{"href":"https:\/\/avistacm.com\/pl\/wp-json\/wp\/v2\/pages\/1896","targetHints":{"allow":["GET"]}}],"collection":[{"href":"https:\/\/avistacm.com\/pl\/wp-json\/wp\/v2\/pages"}],"about":[{"href":"https:\/\/avistacm.com\/pl\/wp-json\/wp\/v2\/types\/page"}],"author":[{"embeddable":true,"href":"https:\/\/avistacm.com\/pl\/wp-json\/wp\/v2\/users\/57"}],"replies":[{"embeddable":true,"href":"https:\/\/avistacm.com\/pl\/wp-json\/wp\/v2\/comments?post=1896"}],"version-history":[{"count":3,"href":"https:\/\/avistacm.com\/pl\/wp-json\/wp\/v2\/pages\/1896\/revisions"}],"predecessor-version":[{"id":2984,"href":"https:\/\/avistacm.com\/pl\/wp-json\/wp\/v2\/pages\/1896\/revisions\/2984"}],"wp:attachment":[{"href":"https:\/\/avistacm.com\/pl\/wp-json\/wp\/v2\/media?parent=1896"}],"curies":[{"name":"wp","href":"https:\/\/api.w.org\/{rel}","templated":true}]}}