{"id":2355,"date":"2022-01-18T21:11:52","date_gmt":"2022-01-18T21:11:52","guid":{"rendered":"https:\/\/avistacm.com\/?page_id=2355\/"},"modified":"2022-04-01T21:11:17","modified_gmt":"2022-04-01T21:11:17","slug":"spolka-realizuje-projekt-rest-and-learn","status":"publish","type":"page","link":"https:\/\/avistacm.com\/pl\/spolka-realizuje-projekt-rest-and-learn\/","title":{"rendered":"Sp\u00f3\u0142ka realizuje projekt \u201eRest and learn\u201d"},"content":{"rendered":"<p>Sp\u00f3\u0142ka realizuje projekt \u201eRest and learn\u201d,<br \/>\nnr projektu POPW.01.03.02-28-0005\/20, wsp\u00f3\u0142finansowany ze \u015brodk\u00f3w Unii Europejskiej<br \/>\nw ramach Programu Operacyjnego Polska Wschodnia 2014-2020<\/p>\n<p>Projekt realizuje konsorcjum w sk\u0142adzie:<br \/>\n\u2022 Avista Consulting and Management Sp. z o.o. z Warszawy<br \/>\n\u2022 Sea Development Sp. z o.o. z Kutna<br \/>\n\u2022 ILC International Language Centre Poland Sp. z o.o. z. Warszawy<br \/>\n\u2022 UnitedSky Sp. z o.o. z Warszawy<\/p>\n<p>Celem projektu jest stworzenie \u2013 poprzez inwestycje w rzeczowe aktywa trwa\u0142e i warto\u015bci niematerialno-prawne oraz inne dzia\u0142ania wsp\u00f3lne \u2013 oraz wdro\u017cenie produktu sieciowego turystyki prozdrowotnej i kszta\u0142cenia ustawicznego pod nazw\u0105 &#8222;Rest and Learn&#8221;. Projekt jest innowacyjny, pakietowy, oparty na rozproszonej strukturze partner\u00f3w. Powstanie do 31.12.2021 na obszarze wiejskim, w miejscowo\u015bci Ogonki w wojew\u00f3dztwie warmi\u0144sko-mazurskim. Bazuje na wsp\u00f3\u0142pracy czterech przedsi\u0119biorc\u00f3w z sektora M\u015aP, z bran\u017cy hotelarsko-gastronomicznej i edukacyjnej. Ka\u017cdy z nich \u015bwiadczy\u0107 b\u0119dzie us\u0142ugi wchodz\u0105ce w sk\u0142ad pakietu produktu. Dzi\u0119ki realizacji inwestycji konsorcjanci utworz\u0105 45 nowych miejsc pracy. Poziom sprzeda\u017cy nowego produktu b\u0119dzie narasta\u0142 a\u017c do min. 8447 pakiet\u00f3w pobytowo-szkoleniowych w okresie do 31.12.2024 roku, co wp\u0142ynie na zwi\u0119kszenie konkurencyjno\u015bci.<\/p>\n<p>Warto\u015b\u0107 dofinansowania: 26 378 292,96 z\u0142<\/p>\n","protected":false},"excerpt":{"rendered":"<p>Sp\u00f3\u0142ka realizuje projekt \u201eRest and learn\u201d, nr projektu POPW.01.03.02-28-0005\/20, wsp\u00f3\u0142finansowany ze \u015brodk\u00f3w Unii Europejskiej w ramach Programu Operacyjnego Polska Wschodnia 2014-2020 Projekt realizuje konsorcjum w sk\u0142adzie: \u2022 Avista Consulting and Management Sp. z o.o. z Warszawy \u2022 Sea Development Sp. z o.o. z Kutna \u2022 ILC International Language Centre Poland Sp. z o.o. z. Warszawy<\/p>\n","protected":false},"author":52,"featured_media":0,"parent":0,"menu_order":0,"comment_status":"closed","ping_status":"closed","template":"","meta":{"footnotes":""},"class_list":["post-2355","page","type-page","status-publish","hentry"],"_links":{"self":[{"href":"https:\/\/avistacm.com\/pl\/wp-json\/wp\/v2\/pages\/2355","targetHints":{"allow":["GET"]}}],"collection":[{"href":"https:\/\/avistacm.com\/pl\/wp-json\/wp\/v2\/pages"}],"about":[{"href":"https:\/\/avistacm.com\/pl\/wp-json\/wp\/v2\/types\/page"}],"author":[{"embeddable":true,"href":"https:\/\/avistacm.com\/pl\/wp-json\/wp\/v2\/users\/52"}],"replies":[{"embeddable":true,"href":"https:\/\/avistacm.com\/pl\/wp-json\/wp\/v2\/comments?post=2355"}],"version-history":[{"count":0,"href":"https:\/\/avistacm.com\/pl\/wp-json\/wp\/v2\/pages\/2355\/revisions"}],"wp:attachment":[{"href":"https:\/\/avistacm.com\/pl\/wp-json\/wp\/v2\/media?parent=2355"}],"curies":[{"name":"wp","href":"https:\/\/api.w.org\/{rel}","templated":true}]}}