{"id":2951,"date":"2024-07-11T12:52:54","date_gmt":"2024-07-11T12:52:54","guid":{"rendered":"https:\/\/avistacm.com\/?page_id=2951"},"modified":"2024-07-11T15:15:38","modified_gmt":"2024-07-11T15:15:38","slug":"warunki-korzystania-z-serwisu","status":"publish","type":"page","link":"https:\/\/avistacm.com\/pl\/warunki-korzystania-z-serwisu\/","title":{"rendered":"Warunki korzystania"},"content":{"rendered":"\n<p>Wchodz\u0105c i korzystaj\u0105c z tej witryny oraz wszelkich stron internetowych znajduj\u0105cych si\u0119 w ramach https:\/\/avista.edu.pl\/ \u0142\u0105cznie zwanego \u201eWitryn\u0105\u201d), akceptujesz poni\u017csze warunki (\u201eWarunki\u201d), bez ogranicze\u0144 i zastrze\u017ce\u0144. Je\u015bli nie akceptujesz niniejszych Warunk\u00f3w, musisz zaprzesta\u0107 korzystania z Witryny.&nbsp;<\/p>\n\n\n\n<p><strong>W\u0142asno\u015b\u0107 i link do strony trzeciej<\/strong>&nbsp;<\/p>\n\n\n\n<p>O ile nie okre\u015blono inaczej, ca\u0142a zawarto\u015b\u0107 zawarta w tej Witrynie, w tym mi\u0119dzy innymi tekst i obrazy zawarte w niniejszym dokumencie oraz ich uk\u0142ad, stanowi\u0105 w\u0142asno\u015b\u0107 Avista Consulting and Management sp. z oo lub s\u0105 przez ni\u0105 licencjonowane. ogr\u00f3d zoologiczny. i jej sp\u00f3\u0142ki stowarzyszone (\u0142\u0105cznie \u201eAvista Consulting and Management\u201d lub \u201enas\u201d). Tre\u015bci mo\u017cna wykorzystywa\u0107 wy\u0142\u0105cznie w celach informacyjnych i niekomercyjnych. Informacje podane na tej Stronie s\u0142u\u017c\u0105 wy\u0142\u0105cznie celom informacyjnym i nie tworz\u0105 relacji biznesowej ani zawodowej pomi\u0119dzy Tob\u0105 a Avista Consulting and Management. Nie wolno kopiowa\u0107, powiela\u0107, publikowa\u0107, rozpowszechnia\u0107, modyfikowa\u0107 ani tworzy\u0107 dzie\u0142 pochodnych, sprzedawa\u0107 ani wykorzystywa\u0107 w \u017caden spos\u00f3b Witryny lub tre\u015bci znajduj\u0105cych si\u0119 w tej Witrynie. Skanowanie ekranu\/sieci, przeszukiwanie, wyodr\u0119bnianie lub gromadzenie zawarto\u015bci Witryny jest zabronione. Wszelkie prawa, kt\u00f3re nie zosta\u0142y wyra\u017anie przyznane, s\u0105 zastrze\u017cone.&nbsp;<\/p>\n\n\n\n<p>Linki w tej Witrynie mog\u0105 prowadzi\u0107 do us\u0142ug lub witryn, kt\u00f3re nie s\u0105 obs\u0142ugiwane przez Avista Consulting and Management. Nie wydaje si\u0119 \u017cadnych os\u0105d\u00f3w ani gwarancji w odniesieniu do takich innych us\u0142ug lub witryn, a Avista Consulting and Management nie ponosi odpowiedzialno\u015bci za takie inne witryny lub us\u0142ugi. Link do innej witryny lub us\u0142ugi nie stanowi poparcia dla tej witryny lub us\u0142ugi. Jakiekolwiek wykorzystanie informacji zawartych w tej Witrynie lub jakiejkolwiek witrynie lub us\u0142udze, do kt\u00f3rej prowadz\u0105 linki w tej Witrynie, odbywa si\u0119 na w\u0142asne ryzyko. Nasza Polityka prywatno\u015bci i plik\u00f3w cookie nie ma zastosowania do gromadzenia i przetwarzania Twoich danych osobowych w takich innych witrynach lub za ich po\u015brednictwem.&nbsp;<\/p>\n\n\n\n<p><strong>Informacje zwrotne i zg\u0142oszenia<\/strong>&nbsp;<\/p>\n\n\n\n<p>O ile wyra\u017anie nie okre\u015blono inaczej w niniejszym dokumencie, wszelkie informacje przes\u0142ane przez Ciebie za po\u015brednictwem tej Strony b\u0119d\u0105 uwa\u017cane za niepoufne i niezastrze\u017cone. O\u015bwiadczasz, \u017ce masz zgodne z prawem prawo do przesy\u0142ania takich informacji i zgadzasz si\u0119, \u017ce nie b\u0119dziesz przesy\u0142a\u0107 \u017cadnych informacji, je\u015bli nie b\u0119dziesz do tego prawnie upowa\u017cniony.&nbsp;<\/p>\n\n\n\n<p>&nbsp;<strong>Zastrze\u017cenie<\/strong>&nbsp;<\/p>\n\n\n\n<p>Niniejsza Witryna i jej zawarto\u015b\u0107 s\u0105 dostarczane w stanie \u201eTAK JAK JEST\u201d, a Avista Consulting and Management nie sk\u0142ada \u017cadnych o\u015bwiadcze\u0144 ani gwarancji w odniesieniu do tej Witryny lub jakiejkolwiek witryny lub us\u0142ugi dost\u0119pnej za po\u015brednictwem tej Witryny. Avista Consulting and Management wyra\u017anie zrzeka si\u0119 wszelkich wyra\u017anych i dorozumianych gwarancji, w tym mi\u0119dzy innymi dorozumianych gwarancji warto\u015bci handlowej, przydatno\u015bci do okre\u015blonego celu, tytu\u0142u prawnego i nienaruszania praw. W \u017cadnym przypadku Avista Consulting and Management ani jej odpowiedni cz\u0142onkowie zarz\u0105du, dyrektorzy, pracownicy, przedstawiciele lub zewn\u0119trzni us\u0142ugodawcy nie b\u0119d\u0105 ponosi\u0107 odpowiedzialno\u015bci wobec jakiejkolwiek strony za jakiekolwiek szkody bezpo\u015brednie, po\u015brednie, przypadkowe, szczeg\u00f3lne, przyk\u0142adowe, wynikowe lub inne (w tym, ale nie ograniczaj\u0105c si\u0119 do utraty zysk\u00f3w, przerwy w dzia\u0142alno\u015bci, utraty program\u00f3w lub danych) bez wzgl\u0119du na form\u0119 dzia\u0142ania i to, czy wynika to z umowy, czynu niedozwolonego, zaniedbania, odpowiedzialno\u015bci na zasadzie ryzyka lub z innego powodu, wynikaj\u0105cego z lub w zwi\u0105zku z t\u0105 Stron\u0105, wszelkie tre\u015bci znajduj\u0105cych si\u0119 na tej Stronie lub do kt\u00f3rych mo\u017cna uzyska\u0107 dost\u0119p za po\u015brednictwem tej Witryny lub jakiejkolwiek us\u0142ugi z ni\u0105 powi\u0105zanej, a tak\u017ce kopiowania, wy\u015bwietlania lub korzystania z nich. Ograniczenia zawarte w niniejszym dokumencie b\u0119d\u0105 mia\u0142y zastosowanie nawet wtedy, gdy \u015brodek zaradczy nie spe\u0142ni swojego podstawowego celu. Celem tego postanowienia nie jest wy\u0142\u0105czenie odpowiedzialno\u015bci, kt\u00f3rej nie mo\u017cemy wy\u0142\u0105czy\u0107 na mocy obowi\u0105zuj\u0105cego prawa.&nbsp;<\/p>\n\n\n\n<p>Niniejszym cedujesz i udzielasz firmie Avista Consulting and Management \u015bwiatowego, niewy\u0142\u0105cznego, wieczystego, nieodwo\u0142alnego, wolnego od op\u0142at, zbywalnego, podlegaj\u0105cego sublicencji prawa, tytu\u0142u i odsetek do u\u017cywania i w\u0142\u0105czania do Witryny (lub w jakimkolwiek innym celu) wszelkich sugestii, pro\u015bby o ulepszenia, rekomendacje, poprawki lub inne opinie przekazane przez Ciebie w zwi\u0105zku z Witryn\u0105. Nie b\u0119dziemy zobowi\u0105zani do uznania Ci\u0119 za takie opinie ani do zachowania poufno\u015bci takich opinii.&nbsp;<\/p>\n\n\n\n<p><strong>Wyb\u00f3r prawa i w\u0142a\u015bciwo\u015bci s\u0105du<\/strong>&nbsp;<\/p>\n\n\n\n<p>&nbsp;Zgadzasz si\u0119, \u017ce niniejsze Warunki oraz wszelkie dzia\u0142ania prawne lub post\u0119powania dotycz\u0105ce tej Strony podlegaj\u0105 prawu polskiemu, bez stosowania jakichkolwiek przepis\u00f3w prawnych lub ustawowych, kt\u00f3re wymaga\u0142yby lub zezwala\u0142y na zastosowanie prawa innej jurysdykcji. Wszelkie spory wynikaj\u0105ce z lub w zwi\u0105zku z niniejszymi Warunkami lub wszelkimi zobowi\u0105zaniami umownymi lub pozaumownymi zwi\u0105zanymi z niniejszymi Warunkami b\u0119d\u0105 rozstrzygane wy\u0142\u0105cznie przez w\u0142a\u015bciwy s\u0105d w Warszawie, w Polsce.&nbsp;<\/p>\n\n\n\n<p>Jeste\u015b odpowiedzialny za przestrzeganie przepis\u00f3w jurysdykcji, z kt\u00f3rej uzyskujesz dost\u0119p do tej Strony, i zgadzasz si\u0119, \u017ce nie b\u0119dziesz uzyskiwa\u0107 dost\u0119pu do informacji zawartych w tej Witrynie ani ich wykorzystywa\u0107 z naruszeniem takich przepis\u00f3w.&nbsp;<\/p>\n\n\n\n<p>Je\u017celi jakakolwiek cz\u0119\u015b\u0107 niniejszych Warunk\u00f3w oka\u017ce si\u0119 niewa\u017cna lub niewykonalna w jakiejkolwiek jurysdykcji, w\u00f3wczas (i) w tej jurysdykcji zostanie ona ponownie zinterpretowana z maksymalnym skutkiem dozwolonym przez prawo, aby jak najwierniej odda\u0107 zamierzenie, a pozosta\u0142a cz\u0119\u015b\u0107 niniejszych Warunk\u00f3w Warunki pozostan\u0105 w pe\u0142nej mocy i b\u0119d\u0105 obowi\u0105zywa\u0107 oraz (ii) w ka\u017cdej innej jurysdykcji wszystkie niniejsze Warunki pozostan\u0105 w pe\u0142nej mocy i skutku.&nbsp;<\/p>\n\n\n\n<p><strong>Zmiana Witryny i Warunk\u00f3w<\/strong>&nbsp;<\/p>\n\n\n\n<p>&nbsp;Mo\u017cemy, wed\u0142ug w\u0142asnego uznania i bez \u017cadnej odpowiedzialno\u015bci, modyfikowa\u0107, zawiesza\u0107 lub zaprzesta\u0107 dowolnego aspektu Witryny, tymczasowo lub na sta\u0142e, w dowolnym momencie i bez wcze\u015bniejszego powiadomienia. Mo\u017cemy r\u00f3wnie\u017c modyfikowa\u0107 niniejsze Warunki bez powiadomienia. U\u017cytkownikom Strony zaleca si\u0119 regularne zapoznawanie si\u0119 z Warunkami pod k\u0105tem ewentualnych zmian. Kontynuuj\u0105c korzystanie z tej Strony po wprowadzeniu modyfikacji do niniejszych Warunk\u00f3w, akceptujesz modyfikacje wprowadzone do niniejszych Warunk\u00f3w.&nbsp;<\/p>\n\n\n\n<p>Ta wersja obowi\u0105zuje od 10.08.2023&nbsp;<\/p>\n","protected":false},"excerpt":{"rendered":"<p>Wchodz\u0105c i korzystaj\u0105c z tej witryny oraz wszelkich stron internetowych znajduj\u0105cych si\u0119 w ramach https:\/\/avista.edu.pl\/ \u0142\u0105cznie zwanego \u201eWitryn\u0105\u201d), akceptujesz poni\u017csze warunki (\u201eWarunki\u201d), bez ogranicze\u0144 i zastrze\u017ce\u0144. Je\u015bli nie akceptujesz niniejszych Warunk\u00f3w, musisz zaprzesta\u0107 korzystania z Witryny.&nbsp; W\u0142asno\u015b\u0107 i link do strony trzeciej&nbsp; O ile nie okre\u015blono inaczej, ca\u0142a zawarto\u015b\u0107 zawarta w tej Witrynie, w tym<\/p>\n","protected":false},"author":52,"featured_media":0,"parent":0,"menu_order":0,"comment_status":"closed","ping_status":"closed","template":"","meta":{"footnotes":""},"class_list":["post-2951","page","type-page","status-publish","hentry"],"_links":{"self":[{"href":"https:\/\/avistacm.com\/pl\/wp-json\/wp\/v2\/pages\/2951","targetHints":{"allow":["GET"]}}],"collection":[{"href":"https:\/\/avistacm.com\/pl\/wp-json\/wp\/v2\/pages"}],"about":[{"href":"https:\/\/avistacm.com\/pl\/wp-json\/wp\/v2\/types\/page"}],"author":[{"embeddable":true,"href":"https:\/\/avistacm.com\/pl\/wp-json\/wp\/v2\/users\/52"}],"replies":[{"embeddable":true,"href":"https:\/\/avistacm.com\/pl\/wp-json\/wp\/v2\/comments?post=2951"}],"version-history":[{"count":2,"href":"https:\/\/avistacm.com\/pl\/wp-json\/wp\/v2\/pages\/2951\/revisions"}],"predecessor-version":[{"id":2961,"href":"https:\/\/avistacm.com\/pl\/wp-json\/wp\/v2\/pages\/2951\/revisions\/2961"}],"wp:attachment":[{"href":"https:\/\/avistacm.com\/pl\/wp-json\/wp\/v2\/media?parent=2951"}],"curies":[{"name":"wp","href":"https:\/\/api.w.org\/{rel}","templated":true}]}}