{"id":2955,"date":"2024-07-11T12:55:04","date_gmt":"2024-07-11T12:55:04","guid":{"rendered":"https:\/\/avistacm.com\/?page_id=2955"},"modified":"2025-04-04T13:09:14","modified_gmt":"2025-04-04T13:09:14","slug":"nasze-marki","status":"publish","type":"page","link":"https:\/\/avistacm.com\/pl\/nasze-marki\/","title":{"rendered":"Nasze Marki"},"content":{"rendered":"\n<p>Poznaj nasze marki i dowiedz si\u0119, jak wspieramy rozw\u00f3j edukacji.&nbsp;<\/p>\n\n\n\n<h2 class=\"wp-block-heading\">Eduexpert<\/h2>\n\n\n\n<figure class=\"wp-block-image size-full is-resized\"><img decoding=\"async\" src=\"https:\/\/avistacm.com\/wp-content\/uploads\/2025\/02\/eduexpert.svg\" alt=\"\" class=\"wp-image-3033\" style=\"width:200px\"\/><\/figure>\n\n\n\n<p>W Eduexpert tworzymy zaawansowane rozwi\u0105zania multimedialne dla edukacji i biznesu. Wykorzystujemy nowoczesne technologie i materia\u0142y cyfrowe, aby sprosta\u0107 najwa\u017cniejszym potrzebom edukacyjnym dopasowanym do u\u017cytkownik\u00f3w i Klient\u00f3w.&nbsp;<\/p>\n\n\n\n<p><strong><a href=\"https:\/\/avistacm.com\/pl\/eduexpert\/\">Dowiedz si\u0119 wi\u0119cej <\/a><\/strong><\/p>\n\n\n\n<h2 class=\"wp-block-heading\">Rubicon&nbsp;<\/h2>\n\n\n\n<p>Rubicon to innowacyjna platforma kurs\u00f3w j\u0119zykowych, dost\u0119pnych na r\u00f3\u017cnych poziomach, zar\u00f3wno dla uczelni, instytucji kszta\u0142cenia zawodowego, jak i przedsi\u0119biorstw. W naszej ofercie dost\u0119pny jest zestaw materia\u0142\u00f3w i \u0107wicze\u0144 interaktywnych, dost\u0119pnych w modu\u0142ach tematycznych, obejmuj\u0105cych tre\u015bci dostosowane do specjalnych potrzeb edukacyjnych. Platforma Rubicon dostarcza wielowymiarowe wsparcie umo\u017cliwiaj\u0105c dostarczanie tre\u015bci, zarz\u0105dzanie, generowanie raport\u00f3w, \u015bledzenie post\u0119p\u00f3w i efektywn\u0105 komunikacj\u0119 z uczniami.&nbsp;<\/p>\n\n\n\n<p><a href=\"https:\/\/avistacm.com\/pl\/rubicon\/\"><strong>Dowiedz si\u0119 wi\u0119cej<\/strong><\/a><\/p>\n\n\n\n<h2 class=\"wp-block-heading\">Doradztwo strategiczne&nbsp;<\/h2>\n\n\n\n<p>Specjalizujemy si\u0119 w us\u0142ugach doradztwa strategicznego, kt\u00f3re umo\u017cliwiaj\u0105 ma\u0142ym i \u015brednim przedsi\u0119biorstwom wykorzystanie kompetencji cyfrowych i przyspieszaj\u0105 transformacj\u0119 cyfrow\u0105. Dzi\u0119ki wielu zrealizowanym projektom jeste\u015bmy liderami w tworzeniu najnowocze\u015bniejszych rozwi\u0105za\u0144 dla r\u00f3\u017cnych sektor\u00f3w biznesu. Dlatego ch\u0119tnie dzielimy si\u0119 naszym do\u015bwiadczeniem i wiedz\u0105 z bran\u017cy edukacyjnej i technologicznej, aby wspiera\u0107 firmy na ich \u015bcie\u017cce rozwojowej.&nbsp;<\/p>\n\n\n\n<p><strong><a href=\"https:\/\/avistacm.com\/pl\/doradztwo-strategiczne\/\" data-type=\"link\" data-id=\"https:\/\/avistacm.com\/pl\/doradztwo-strategiczne\/\">Dowiedz si\u0119 wi\u0119cej <\/a><\/strong><\/p>\n\n\n\n<h2 class=\"wp-block-heading\">Projekt \u201cRest &amp; Learn\u201d&nbsp;<\/h2>\n\n\n\n<p>\u201eProjekt REST&amp;Learn\u201d to wyj\u0105tkowe po\u0142\u0105czenie nauki i aktywnego wypoczynku w malowniczym otoczeniu miasteczka Ogonki na Mazurach. Nasza inicjatywa wspiera edukacj\u0119 ustawiczn\u0105 na kierunkach gastronomia, j\u0119zyki obce i pilota\u017c, zapewniaj\u0105c nowoczesn\u0105 infrastruktur\u0119 do zdobywania nowych umiej\u0119tno\u015bci. Daje szans\u0119 nie tylko na rozw\u00f3j osobisty, ale tak\u017ce na rozw\u00f3j biznesowy, przyczyniaj\u0105c si\u0119 do tworzenia nowych miejsc pracy.&nbsp;<\/p>\n\n\n\n<p><a href=\"https:\/\/avistacm.com\/pl\/restandlearn\/\"><strong>Dowiedz si\u0119 wi\u0119cej <\/strong><\/a><\/p>\n","protected":false},"excerpt":{"rendered":"<p>Poznaj nasze marki i dowiedz si\u0119, jak wspieramy rozw\u00f3j edukacji.&nbsp; Eduexpert W Eduexpert tworzymy zaawansowane rozwi\u0105zania multimedialne dla edukacji i biznesu. Wykorzystujemy nowoczesne technologie i materia\u0142y cyfrowe, aby sprosta\u0107 najwa\u017cniejszym potrzebom edukacyjnym dopasowanym do u\u017cytkownik\u00f3w i Klient\u00f3w.&nbsp; Dowiedz si\u0119 wi\u0119cej Rubicon&nbsp; Rubicon to innowacyjna platforma kurs\u00f3w j\u0119zykowych, dost\u0119pnych na r\u00f3\u017cnych poziomach, zar\u00f3wno dla uczelni, instytucji<\/p>\n","protected":false},"author":52,"featured_media":0,"parent":0,"menu_order":0,"comment_status":"closed","ping_status":"closed","template":"","meta":{"footnotes":""},"class_list":["post-2955","page","type-page","status-publish","hentry"],"_links":{"self":[{"href":"https:\/\/avistacm.com\/pl\/wp-json\/wp\/v2\/pages\/2955","targetHints":{"allow":["GET"]}}],"collection":[{"href":"https:\/\/avistacm.com\/pl\/wp-json\/wp\/v2\/pages"}],"about":[{"href":"https:\/\/avistacm.com\/pl\/wp-json\/wp\/v2\/types\/page"}],"author":[{"embeddable":true,"href":"https:\/\/avistacm.com\/pl\/wp-json\/wp\/v2\/users\/52"}],"replies":[{"embeddable":true,"href":"https:\/\/avistacm.com\/pl\/wp-json\/wp\/v2\/comments?post=2955"}],"version-history":[{"count":6,"href":"https:\/\/avistacm.com\/pl\/wp-json\/wp\/v2\/pages\/2955\/revisions"}],"predecessor-version":[{"id":3038,"href":"https:\/\/avistacm.com\/pl\/wp-json\/wp\/v2\/pages\/2955\/revisions\/3038"}],"wp:attachment":[{"href":"https:\/\/avistacm.com\/pl\/wp-json\/wp\/v2\/media?parent=2955"}],"curies":[{"name":"wp","href":"https:\/\/api.w.org\/{rel}","templated":true}]}}