{"id":2958,"date":"2024-07-11T12:57:31","date_gmt":"2024-07-11T12:57:31","guid":{"rendered":"https:\/\/avistacm.com\/?page_id=2958"},"modified":"2024-07-11T15:42:46","modified_gmt":"2024-07-11T15:42:46","slug":"uslugi","status":"publish","type":"page","link":"https:\/\/avistacm.com\/pl\/uslugi\/","title":{"rendered":"Us\u0142ugi"},"content":{"rendered":"\n<div class=\"tbk__text\"><p><strong><img loading=\"lazy\" decoding=\"async\" class=\"alignleft wp-image-969 size-medium\" src=\"https:\/\/avistacm.com\/wp-content\/uploads\/2017\/04\/cyprus-legal-services1-300x138.jpg\" alt=\"\" width=\"300\" height=\"183\">US\u0141UGI PRAWNE<\/strong><br>\nNasz zesp\u00f3\u0142 prawny mo\u017ce pom\u00f3c w wielu z\u0142o\u017conych kwestiach w sektorze edukacji, takich jak fuzje i przej\u0119cia, likwidacja, restrukturyzacja, ustanawianie partnerstw strategicznych i akredytacje akademickie.<\/p>\n<p>&nbsp;<\/p>\n<p>&nbsp;<\/p>\n<p><strong><img loading=\"lazy\" decoding=\"async\" class=\"size-medium wp-image-971 alignleft\" src=\"https:\/\/avistacm.com\/wp-content\/uploads\/2017\/04\/blend-ilt-elearning1-300x183.jpg\" alt=\"\" width=\"300\" height=\"183\" srcset=\"https:\/\/avistacm.com\/wp-content\/uploads\/2017\/04\/blend-ilt-elearning1-300x183.jpg 300w, https:\/\/avistacm.com\/wp-content\/uploads\/2017\/04\/blend-ilt-elearning1-600x366.jpg 600w, https:\/\/avistacm.com\/wp-content\/uploads\/2017\/04\/blend-ilt-elearning1-280x171.jpg 280w, https:\/\/avistacm.com\/wp-content\/uploads\/2017\/04\/blend-ilt-elearning1.jpg 750w\" sizes=\"auto, (max-width: 300px) 100vw, 300px\" \/>E-LEARNING<\/strong><br>\nE-learning czy mobile learning, jakiekolwiek s\u0105 Twoje potrzeby w tej dziedzinie, prawdopodobnie mamy to dla Ciebie. Mamy ju\u017c przygotowanych i gotowych do Twojego wykorzystania ponad 2500 modu\u0142\u00f3w z zakresu IT, finans\u00f3w, zarz\u0105dzania, ekonomii. Liczba tych p\u00f3l zwi\u0119ksza si\u0119 z ka\u017cdym tygodniem w miar\u0119 post\u0119pu prac nad modu\u0142ami. Mo\u017cemy r\u00f3wnie\u017c przygotowa\u0107 modu\u0142y na zam\u00f3wienie, kt\u00f3re mo\u017cna wykorzysta\u0107 w kursach blended learning na Twojej uczelni lub w szkoleniach i warsztatach korporacji.<\/p>\n<p>&nbsp;<\/p>\n<p>&nbsp;<\/p>\n<p><strong><img loading=\"lazy\" decoding=\"async\" class=\"wp-image-973 size-medium alignleft\" src=\"https:\/\/avistacm.com\/wp-content\/uploads\/2017\/04\/PMEU1-300x230.jpg\" alt=\"\" width=\"300\" height=\"183\">PROJEKTY EU<\/strong><br>\nPosiadamy du\u017ce do\u015bwiadczenie w przygotowywaniu wniosk\u00f3w i zarz\u0105dzaniu projektami unijnymi. Avista skupia ekspert\u00f3w z wyj\u0105tkowymi talentami w swoich dziedzinach i wykorzystuje ich zasoby i energi\u0119 w projektach i dzia\u0142aniach, kt\u00f3re wywieraj\u0105 wp\u0142yw. Nasz zesp\u00f3\u0142 zarz\u0105dzaj\u0105cy projektami zako\u0144czy\u0142 dotychczas zarz\u0105dzanie projektami o \u0142\u0105cznej warto\u015bci ponad 30 000 000 euro. By\u0142y to projekty Erasmus+ i Horyzont 2020 oraz programy rozwoju regionalnego. Mo\u017cemy r\u00f3wnie\u017c wsp\u00f3\u0142pracowa\u0107 z Tob\u0105 w przygotowaniu projekt\u00f3w lub po prostu pom\u00f3c Ci znale\u017a\u0107 warto\u015bciowych partner\u00f3w. Po prostu daj nam zna\u0107 swoje potrzeby, a my dostarczymy.<\/p>\n<p>&nbsp;<\/p>\n<p>&nbsp;<\/p>\n<p><strong><img loading=\"lazy\" decoding=\"async\" class=\"size-medium wp-image-975 alignleft\" src=\"https:\/\/avistacm.com\/wp-content\/uploads\/2017\/04\/programs-international-accreditations-300x177.jpg\" alt=\"\" width=\"300\" height=\"183\">MI\u0118DZYNARODOWE AKREDYTACJE <\/strong><br>\nInstytucjom szkolnictwa wy\u017cszego nieposiadaj\u0105cym specjalnych akredytacji trudno jest w przekonuj\u0105cy spos\u00f3b udowodni\u0107 swoj\u0105 jako\u015b\u0107. Mo\u017cemy pom\u00f3c Ci w zdobyciu akredytacji takich jak EQUUIS, CEEMAN, AMBA, AMBA, AACSB i mo\u017cemy to zrobi\u0107 od fazy audytu, a\u017c do przygotowania i obecno\u015bci podczas wizyt na miejscu agencji akredytuj\u0105cej. <\/p>\n<p>&nbsp;<\/p>\n<p>&nbsp;<\/p>\n<p><strong><img loading=\"lazy\" decoding=\"async\" class=\"size-medium wp-image-977 alignleft\" src=\"https:\/\/avistacm.com\/wp-content\/uploads\/2017\/04\/Fotolia_47462430_XS1-300x201.jpg\" alt=\"\" width=\"300\" height=\"183\">WARSZTATY i SZKOLENIA<\/strong><br>\nPosiadamy wiedz\u0119 i ekspert\u00f3w, kt\u00f3rzy mog\u0105 prowadzi\u0107 dostosowane do indywidualnych potrzeb warsztaty i modu\u0142y szkoleniowe za pomoc\u0105 narz\u0119dzi do nauki na odleg\u0142o\u015b\u0107 lub dzia\u0142a\u0144 na miejscu. Dzi\u0119ki naszemu zaanga\u017cowaniu organizacja takich wydarze\u0144 b\u0119dzie \u0142atwiejsza ni\u017c kiedykolwiek. <\/p>\n<p>&nbsp;<\/p>\n<p>&nbsp;<\/p>\n<p>&nbsp;<\/p>\n<p><strong><img loading=\"lazy\" decoding=\"async\" class=\"size-medium wp-image-953 alignleft\" src=\"https:\/\/avistacm.com\/wp-content\/uploads\/2017\/04\/audittt-300x200.jpg\" alt=\"\" width=\"300\" height=\"183\">AUDYTY<\/strong><br>\nMo\u017cemy to sprawdzi\u0107 i poinformowa\u0107 Ci\u0119, czy dobrze sobie radzisz z internacjonalizacj\u0105, rozwojem strategicznym, zapewnieniem jako\u015bci, zarz\u0105dzaniem finansami i wieloma innymi specyficznymi obszarami, w kt\u00f3rych poleganie na dotychczasowym podej\u015bciu do biznesu mo\u017ce wykrwawi\u0107 Twoj\u0105 instytucj\u0119 bez Twojej wiedzy. <\/p>\n<\/div>\n","protected":false},"excerpt":{"rendered":"<p>US\u0141UGI PRAWNE Nasz zesp\u00f3\u0142 prawny mo\u017ce pom\u00f3c w wielu z\u0142o\u017conych kwestiach w sektorze edukacji, takich jak fuzje i przej\u0119cia, likwidacja, restrukturyzacja, ustanawianie partnerstw strategicznych i akredytacje akademickie. &nbsp; &nbsp; E-LEARNING E-learning czy mobile learning, jakiekolwiek s\u0105 Twoje potrzeby w tej dziedzinie, prawdopodobnie mamy to dla Ciebie. Mamy ju\u017c przygotowanych i gotowych do Twojego wykorzystania ponad<\/p>\n","protected":false},"author":52,"featured_media":0,"parent":0,"menu_order":0,"comment_status":"closed","ping_status":"closed","template":"","meta":{"footnotes":""},"class_list":["post-2958","page","type-page","status-publish","hentry"],"_links":{"self":[{"href":"https:\/\/avistacm.com\/pl\/wp-json\/wp\/v2\/pages\/2958","targetHints":{"allow":["GET"]}}],"collection":[{"href":"https:\/\/avistacm.com\/pl\/wp-json\/wp\/v2\/pages"}],"about":[{"href":"https:\/\/avistacm.com\/pl\/wp-json\/wp\/v2\/types\/page"}],"author":[{"embeddable":true,"href":"https:\/\/avistacm.com\/pl\/wp-json\/wp\/v2\/users\/52"}],"replies":[{"embeddable":true,"href":"https:\/\/avistacm.com\/pl\/wp-json\/wp\/v2\/comments?post=2958"}],"version-history":[{"count":5,"href":"https:\/\/avistacm.com\/pl\/wp-json\/wp\/v2\/pages\/2958\/revisions"}],"predecessor-version":[{"id":2972,"href":"https:\/\/avistacm.com\/pl\/wp-json\/wp\/v2\/pages\/2958\/revisions\/2972"}],"wp:attachment":[{"href":"https:\/\/avistacm.com\/pl\/wp-json\/wp\/v2\/media?parent=2958"}],"curies":[{"name":"wp","href":"https:\/\/api.w.org\/{rel}","templated":true}]}}