{"id":2985,"date":"2024-07-11T16:26:59","date_gmt":"2024-07-11T16:26:59","guid":{"rendered":"https:\/\/avistacm.com\/?page_id=2985"},"modified":"2024-07-11T16:27:01","modified_gmt":"2024-07-11T16:27:01","slug":"eduexpert","status":"publish","type":"page","link":"https:\/\/avistacm.com\/pl\/eduexpert\/","title":{"rendered":"Eduexpert"},"content":{"rendered":"\n<p>Firma Eduexpert zosta\u0142a stworzona przez zesp\u00f3\u0142 ekspert\u00f3w z bran\u017cy edukacyjnej i technologicznej. Naszym celem jest wspieranie firm, szk\u00f3\u0142 i samorz\u0105d\u00f3w w obszarach edukacji i technologii. Oferta Eduexpert \u0142\u0105czy w sobie platformy LMS, szkolenia gotowe i dedykowane oraz pe\u0142ny zakres produkcji materia\u0142\u00f3w multimedialnych. Firma specjalizuje si\u0119 w produkcji wysokiej jako\u015bci cyfrowych materia\u0142\u00f3w edukacyjnych spe\u0142niaj\u0105cych wytyczne zwi\u0105zane z r\u00f3\u017cnymi rodzajami niepe\u0142nosprawno\u015bci. W ostatnich latach firma wyprodukowa\u0142a kilkaset tre\u015bci filmowych, animowanych i materia\u0142\u00f3w cyfrowych spe\u0142niaj\u0105cych standard WCAG 2.0, czytnik znak\u00f3w, alternatywne opisy, odpowiedni kontrast i kolory, specjalne modu\u0142y tre\u015bci dla os\u00f3b z niepe\u0142nosprawno\u015bci\u0105 intelektualn\u0105 w stopniu lekkim i umiarkowanym.\u00a0<\/p>\n","protected":false},"excerpt":{"rendered":"<p>Firma Eduexpert zosta\u0142a stworzona przez zesp\u00f3\u0142 ekspert\u00f3w z bran\u017cy edukacyjnej i technologicznej. Naszym celem jest wspieranie firm, szk\u00f3\u0142 i samorz\u0105d\u00f3w w obszarach edukacji i technologii. Oferta Eduexpert \u0142\u0105czy w sobie platformy LMS, szkolenia gotowe i dedykowane oraz pe\u0142ny zakres produkcji materia\u0142\u00f3w multimedialnych. Firma specjalizuje si\u0119 w produkcji wysokiej jako\u015bci cyfrowych materia\u0142\u00f3w edukacyjnych spe\u0142niaj\u0105cych wytyczne zwi\u0105zane<\/p>\n","protected":false},"author":52,"featured_media":0,"parent":0,"menu_order":0,"comment_status":"closed","ping_status":"closed","template":"","meta":{"footnotes":""},"class_list":["post-2985","page","type-page","status-publish","hentry"],"_links":{"self":[{"href":"https:\/\/avistacm.com\/pl\/wp-json\/wp\/v2\/pages\/2985","targetHints":{"allow":["GET"]}}],"collection":[{"href":"https:\/\/avistacm.com\/pl\/wp-json\/wp\/v2\/pages"}],"about":[{"href":"https:\/\/avistacm.com\/pl\/wp-json\/wp\/v2\/types\/page"}],"author":[{"embeddable":true,"href":"https:\/\/avistacm.com\/pl\/wp-json\/wp\/v2\/users\/52"}],"replies":[{"embeddable":true,"href":"https:\/\/avistacm.com\/pl\/wp-json\/wp\/v2\/comments?post=2985"}],"version-history":[{"count":1,"href":"https:\/\/avistacm.com\/pl\/wp-json\/wp\/v2\/pages\/2985\/revisions"}],"predecessor-version":[{"id":2987,"href":"https:\/\/avistacm.com\/pl\/wp-json\/wp\/v2\/pages\/2985\/revisions\/2987"}],"wp:attachment":[{"href":"https:\/\/avistacm.com\/pl\/wp-json\/wp\/v2\/media?parent=2985"}],"curies":[{"name":"wp","href":"https:\/\/api.w.org\/{rel}","templated":true}]}}