{"id":2988,"date":"2024-07-11T16:32:28","date_gmt":"2024-07-11T16:32:28","guid":{"rendered":"https:\/\/avistacm.com\/?page_id=2988"},"modified":"2024-07-11T21:35:10","modified_gmt":"2024-07-11T21:35:10","slug":"rubicon","status":"publish","type":"page","link":"https:\/\/avistacm.com\/pl\/rubicon\/","title":{"rendered":"Rubicon"},"content":{"rendered":"\n<p>Rubicon to innowacyjna platforma kurs\u00f3w j\u0119zykowych, dost\u0119pna na r\u00f3\u017cnych poziomach, zar\u00f3wno dla uczelni, instytucji kszta\u0142cenia zawodowego, jak i przedsi\u0119biorstw. W naszej ofercie znajduje si\u0119 zestaw materia\u0142\u00f3w i \u0107wicze\u0144 interaktywnych, dost\u0119pnych w modu\u0142ach tematycznych, zawieraj\u0105cych tre\u015bci dostosowane do specjalnych potrzeb edukacyjnych.&nbsp;<\/p>\n\n\n\n<p>&nbsp;Platforma Rubicon wspiera wyk\u0142adowc\u00f3w, umo\u017cliwiaj\u0105c dostarczanie tre\u015bci, zarz\u0105dzanie, generowanie raport\u00f3w, \u015bledzenie post\u0119p\u00f3w i efektywn\u0105 komunikacj\u0119 z uczniami.&nbsp;<\/p>\n\n\n\n<p>\u00a0<strong>Co wyr\u00f3\u017cnia platform\u0119 Rubicon?\u00a0<\/strong><\/p>\n\n\n\n<p>&nbsp;Nasze kursy powstaj\u0105 we wsp\u00f3\u0142pracy z ekspertami w dziedzinie nauczania j\u0119zyk\u00f3w obcych, native speakerami i koordynatorami program\u00f3w, zapewniaj\u0105c zgodno\u015b\u0107 z aktualnymi wytycznymi programowymi.&nbsp;<\/p>\n\n\n\n<p>Oferujemy poziomy bieg\u0142o\u015bci j\u0119zykowej od A1 do C1, a nasza platforma pozwala na dostosowanie kursu do indywidualnych potrzeb i poziomu j\u0119zykowego uczni\u00f3w, sprzyjaj\u0105c efektywnej nauce i wszechstronnemu rozwojowi j\u0119zykowemu.&nbsp;<\/p>\n\n\n\n<p>Nasza platforma ma przejrzyst\u0105 struktur\u0119, kt\u00f3ra u\u0142atwia nauk\u0119 m\u00f3wienia, czytania, pisania i s\u0142uchania.&nbsp;<\/p>\n\n\n\n<p>Dzi\u0119ki modu\u0142owej konstrukcji platformy instruktorzy maj\u0105 swobod\u0119 wyboru poziomu kursu lub tre\u015bci.&nbsp;<\/p>\n\n\n\n<p>&nbsp;Platforma Rubicon jest przyjazna dla u\u017cytkownika, umo\u017cliwia nauk\u0119 z dowolnego miejsca i w dowolnym czasie, przy zachowaniu pe\u0142nej kompatybilno\u015bci z zewn\u0119trznymi systemami administracyjnymi.&nbsp;<\/p>\n","protected":false},"excerpt":{"rendered":"<p>Rubicon to innowacyjna platforma kurs\u00f3w j\u0119zykowych, dost\u0119pna na r\u00f3\u017cnych poziomach, zar\u00f3wno dla uczelni, instytucji kszta\u0142cenia zawodowego, jak i przedsi\u0119biorstw. W naszej ofercie znajduje si\u0119 zestaw materia\u0142\u00f3w i \u0107wicze\u0144 interaktywnych, dost\u0119pnych w modu\u0142ach tematycznych, zawieraj\u0105cych tre\u015bci dostosowane do specjalnych potrzeb edukacyjnych.&nbsp; &nbsp;Platforma Rubicon wspiera wyk\u0142adowc\u00f3w, umo\u017cliwiaj\u0105c dostarczanie tre\u015bci, zarz\u0105dzanie, generowanie raport\u00f3w, \u015bledzenie post\u0119p\u00f3w i efektywn\u0105 komunikacj\u0119<\/p>\n","protected":false},"author":52,"featured_media":0,"parent":0,"menu_order":0,"comment_status":"closed","ping_status":"closed","template":"","meta":{"footnotes":""},"class_list":["post-2988","page","type-page","status-publish","hentry"],"_links":{"self":[{"href":"https:\/\/avistacm.com\/pl\/wp-json\/wp\/v2\/pages\/2988","targetHints":{"allow":["GET"]}}],"collection":[{"href":"https:\/\/avistacm.com\/pl\/wp-json\/wp\/v2\/pages"}],"about":[{"href":"https:\/\/avistacm.com\/pl\/wp-json\/wp\/v2\/types\/page"}],"author":[{"embeddable":true,"href":"https:\/\/avistacm.com\/pl\/wp-json\/wp\/v2\/users\/52"}],"replies":[{"embeddable":true,"href":"https:\/\/avistacm.com\/pl\/wp-json\/wp\/v2\/comments?post=2988"}],"version-history":[{"count":2,"href":"https:\/\/avistacm.com\/pl\/wp-json\/wp\/v2\/pages\/2988\/revisions"}],"predecessor-version":[{"id":2991,"href":"https:\/\/avistacm.com\/pl\/wp-json\/wp\/v2\/pages\/2988\/revisions\/2991"}],"wp:attachment":[{"href":"https:\/\/avistacm.com\/pl\/wp-json\/wp\/v2\/media?parent=2988"}],"curies":[{"name":"wp","href":"https:\/\/api.w.org\/{rel}","templated":true}]}}