{"id":2996,"date":"2024-07-11T21:50:26","date_gmt":"2024-07-11T21:50:26","guid":{"rendered":"https:\/\/avistacm.com\/?page_id=2996"},"modified":"2024-07-11T21:50:28","modified_gmt":"2024-07-11T21:50:28","slug":"doradztwo-strategiczne","status":"publish","type":"page","link":"https:\/\/avistacm.com\/pl\/doradztwo-strategiczne\/","title":{"rendered":"Doradztwo strategiczne"},"content":{"rendered":"\n<p>Specjalizujemy si\u0119 w strategicznych us\u0142ugach doradczych, kt\u00f3re umo\u017cliwiaj\u0105 ma\u0142ym i \u015brednim przedsi\u0119biorstwom wykorzystanie kompetencji cyfrowych i przyspieszenie transformacji digitalowej. Dzi\u0119ki do\u015bwiadczeniu zdobytemu w wielu zrealizowanych projektach, jeste\u015bmy liderami w opracowywaniu nowoczesnych rozwi\u0105za\u0144 dla biznesu. Ch\u0119tnie dzielimy si\u0119 naszym do\u015bwiadczeniem i wiedz\u0105, skupiaj\u0105c si\u0119 szczeg\u00f3lno\u015bci na obszarach edukacji i technologii.&nbsp;<\/p>\n\n\n\n<p>Oferujemy rozwi\u0105zania dostosowane do unikalnych potrzeb ka\u017cdej organizacji. Wykorzystuj\u0105c wiedz\u0119 z zakresu zarz\u0105dzania projektami, skrupulatnie nadzorujemy harmonogramy i bud\u017cety, zapewniaj\u0105c skuteczny proces ca\u0142ej transformacji.&nbsp;<\/p>\n\n\n\n<p>Oto jak mo\u017cemy Ci pom\u00f3c:&nbsp;<\/p>\n\n\n\n<ul class=\"wp-block-list\">\n<li>\u00a0Oceni\u0107 dojrza\u0142o\u015b\u0107 cyfrow\u0105 organizacji\u00a0<\/li>\n<\/ul>\n\n\n\n<ul class=\"wp-block-list\">\n<li>Por\u00f3wna\u0107 Twoje mo\u017cliwo\u015bci cyfrowe z konkurencj\u0105\u00a0<\/li>\n<\/ul>\n\n\n\n<ul class=\"wp-block-list\">\n<li>Okre\u015bli\u0107, jakich narz\u0119dzi cyfrowych potrzebuje Twoja firma\u00a0<\/li>\n<\/ul>\n\n\n\n<ul class=\"wp-block-list\">\n<li>Zapewni\u0107 wsparcie techniczne dla r\u00f3\u017cnych aspekt\u00f3w swojej dzia\u0142alno\u015bci\u00a0<\/li>\n<\/ul>\n\n\n\n<ul class=\"wp-block-list\">\n<li>Zarz\u0105dza\u0107 projektami transformacji cyfrowej\u00a0<\/li>\n<\/ul>\n\n\n\n<ul class=\"wp-block-list\">\n<li>Prowadzi\u0107 szkolenia i mentoring\u00a0\u00a0<\/li>\n<\/ul>\n\n\n\n<ul class=\"wp-block-list\">\n<li>Przeprowadza\u0107 audyty zarz\u0105dcze, aby usprawni\u0107 Twoje dzia\u0142ania\u00a0<\/li>\n<\/ul>\n\n\n\n<ul class=\"wp-block-list\">\n<li>Skonfigurowa\u0107 programy nauczania online\u00a0<\/li>\n<\/ul>\n\n\n\n<ul class=\"wp-block-list\">\n<li>Wdra\u017ca\u0107 sztuczn\u0105 inteligencj\u0119 (AI) w Twojej firmie.\u00a0<\/li>\n<\/ul>\n\n\n\n<p>Avista Consulting and Management: Tw\u00f3j zaufany partner w zakresie edukacji, doradztwa i rozwi\u0105za\u0144 IT.&nbsp;<\/p>\n","protected":false},"excerpt":{"rendered":"<p>Specjalizujemy si\u0119 w strategicznych us\u0142ugach doradczych, kt\u00f3re umo\u017cliwiaj\u0105 ma\u0142ym i \u015brednim przedsi\u0119biorstwom wykorzystanie kompetencji cyfrowych i przyspieszenie transformacji digitalowej. Dzi\u0119ki do\u015bwiadczeniu zdobytemu w wielu zrealizowanych projektach, jeste\u015bmy liderami w opracowywaniu nowoczesnych rozwi\u0105za\u0144 dla biznesu. Ch\u0119tnie dzielimy si\u0119 naszym do\u015bwiadczeniem i wiedz\u0105, skupiaj\u0105c si\u0119 szczeg\u00f3lno\u015bci na obszarach edukacji i technologii.&nbsp; Oferujemy rozwi\u0105zania dostosowane do unikalnych potrzeb<\/p>\n","protected":false},"author":52,"featured_media":0,"parent":0,"menu_order":0,"comment_status":"closed","ping_status":"closed","template":"","meta":{"footnotes":""},"class_list":["post-2996","page","type-page","status-publish","hentry"],"_links":{"self":[{"href":"https:\/\/avistacm.com\/pl\/wp-json\/wp\/v2\/pages\/2996","targetHints":{"allow":["GET"]}}],"collection":[{"href":"https:\/\/avistacm.com\/pl\/wp-json\/wp\/v2\/pages"}],"about":[{"href":"https:\/\/avistacm.com\/pl\/wp-json\/wp\/v2\/types\/page"}],"author":[{"embeddable":true,"href":"https:\/\/avistacm.com\/pl\/wp-json\/wp\/v2\/users\/52"}],"replies":[{"embeddable":true,"href":"https:\/\/avistacm.com\/pl\/wp-json\/wp\/v2\/comments?post=2996"}],"version-history":[{"count":1,"href":"https:\/\/avistacm.com\/pl\/wp-json\/wp\/v2\/pages\/2996\/revisions"}],"predecessor-version":[{"id":2998,"href":"https:\/\/avistacm.com\/pl\/wp-json\/wp\/v2\/pages\/2996\/revisions\/2998"}],"wp:attachment":[{"href":"https:\/\/avistacm.com\/pl\/wp-json\/wp\/v2\/media?parent=2996"}],"curies":[{"name":"wp","href":"https:\/\/api.w.org\/{rel}","templated":true}]}}