{"id":934,"date":"2017-04-05T09:01:57","date_gmt":"2017-04-05T09:01:57","guid":{"rendered":"https:\/\/avistacm.com\/eu-projects\/"},"modified":"2024-07-11T16:18:34","modified_gmt":"2024-07-11T16:18:34","slug":"projekty-eu","status":"publish","type":"page","link":"https:\/\/avistacm.com\/pl\/projekty-eu\/","title":{"rendered":"PROJEKTY UE"},"content":{"rendered":"<p><span data-contrast=\"auto\">Posiadamy wszechstronne do\u015bwiadczenie w przygotowywaniu wniosk\u00f3w i zarz\u0105dzaniu projektami unijnymi. Nasz zesp\u00f3\u0142 zarz\u0105dzaj\u0105cy projektami zako\u0144czy\u0142 dotychczas zarz\u0105dzanie projektami o \u0142\u0105cznej warto\u015bci ponad 30 000 000 euro. By\u0142y to projekty Erasmus+ i Horyzont 2020 oraz programy rozwoju regionalnego.\u00a0<\/span><span data-ccp-props=\"{&quot;134233117&quot;:false,&quot;134233118&quot;:false,&quot;201341983&quot;:0,&quot;335559738&quot;:240,&quot;335559739&quot;:240,&quot;335559740&quot;:279}\">\u00a0<\/span><\/p>\n<p><span data-contrast=\"auto\">WYMIERNE WYNIKI<\/span><span data-ccp-props=\"{&quot;134233117&quot;:false,&quot;134233118&quot;:false,&quot;201341983&quot;:0,&quot;335559738&quot;:240,&quot;335559739&quot;:240,&quot;335559740&quot;:279}\">\u00a0<\/span><\/p>\n<p><span data-contrast=\"auto\">Nowa propozycja bud\u017cetu UE przewiduje kwot\u0119 82,5 mld euro na realizacj\u0119 polityki sp\u00f3jno\u015bci w Polsce. Polska b\u0119dzie najwi\u0119kszym w\u015br\u00f3d pa\u0144stw cz\u0142onkowskich beneficjentem \u015brodk\u00f3w polityki sp\u00f3jno\u015bci UE. Pomo\u017cemy Pa\u0144stwu w opracowaniu projekt\u00f3w zwi\u0105zanych z badaniami naukowymi i ich komercjalizacj\u0105; innowacje i powi\u0105zania B+R z sektorem przedsi\u0119biorstw; aktywizacja zawodowa i rozw\u00f3j kapita\u0142u spo\u0142ecznego.<\/span><span data-ccp-props=\"{&quot;134233117&quot;:false,&quot;134233118&quot;:false,&quot;201341983&quot;:0,&quot;335559738&quot;:240,&quot;335559739&quot;:240,&quot;335559740&quot;:279}\">\u00a0<\/span><\/p>\n<p><span data-contrast=\"auto\">US\u0141UGI PRAWNE<\/span><span data-ccp-props=\"{&quot;134233117&quot;:false,&quot;134233118&quot;:false,&quot;201341983&quot;:0,&quot;335559738&quot;:0,&quot;335559739&quot;:0,&quot;335559740&quot;:279}\">\u00a0<\/span><\/p>\n<p><span data-contrast=\"auto\">Nasz zesp\u00f3\u0142 prawny mo\u017ce pom\u00f3c Ci w wielu z\u0142o\u017conych kwestiach w sektorze edukacji, takich jak fuzje i przej\u0119cia, likwidacja, restrukturyzacja, ustanawianie partnerstw strategicznych i akredytacje akademickie.<\/span><span data-ccp-props=\"{&quot;134233117&quot;:false,&quot;134233118&quot;:false,&quot;201341983&quot;:0,&quot;335559738&quot;:0,&quot;335559739&quot;:0,&quot;335559740&quot;:279}\">\u00a0<\/span><\/p>\n<p><span data-contrast=\"auto\">AKREDYTACJE MI\u0118DZYNARODOWE\u00a0<\/span><span data-ccp-props=\"{&quot;134233117&quot;:false,&quot;134233118&quot;:false,&quot;201341983&quot;:0,&quot;335559738&quot;:0,&quot;335559739&quot;:0,&quot;335559740&quot;:279}\">\u00a0<\/span><\/p>\n<p><span data-contrast=\"auto\">Pomo\u017cemy w zdobyciu mi\u0119dzynarodowych akredytacji, takich jak EQUUIS, CEEMAN, AMBA, AACSB, pocz\u0105wszy od fazy audytu, a\u017c po przygotowanie i obecno\u015b\u0107 podczas wizyt w siedzibie agencji akredytuj\u0105cej.<\/span><span data-ccp-props=\"{&quot;134233117&quot;:false,&quot;134233118&quot;:false,&quot;201341983&quot;:0,&quot;335559738&quot;:0,&quot;335559739&quot;:0,&quot;335559740&quot;:279}\">\u00a0<\/span><\/p>\n<p><span data-contrast=\"auto\">MOBILNE NAUCZANIE<\/span><span data-ccp-props=\"{&quot;134233117&quot;:false,&quot;134233118&quot;:false,&quot;201341983&quot;:0,&quot;335559738&quot;:0,&quot;335559739&quot;:0,&quot;335559740&quot;:279}\">\u00a0<\/span><\/p>\n<p><span data-contrast=\"auto\">Mamy ponad 2500 modu\u0142\u00f3w z zakresu IT, finans\u00f3w, zarz\u0105dzania, ekonomii ju\u017c przygotowanych i gotowych do Twojego wykorzystania. Mo\u017cemy r\u00f3wnie\u017c przygotowa\u0107 modu\u0142y na zam\u00f3wienie, kt\u00f3re mo\u017cna wykorzysta\u0107 w kursach blended learning na Twojej uczelni lub w szkoleniach i warsztatach korporacji.<\/span><span data-ccp-props=\"{&quot;134233117&quot;:false,&quot;134233118&quot;:false,&quot;201341983&quot;:0,&quot;335559738&quot;:0,&quot;335559739&quot;:0,&quot;335559740&quot;:279}\">\u00a0<\/span><\/p>\n","protected":false},"excerpt":{"rendered":"<p>Posiadamy wszechstronne do\u015bwiadczenie w przygotowywaniu wniosk\u00f3w i zarz\u0105dzaniu projektami unijnymi. Nasz zesp\u00f3\u0142 zarz\u0105dzaj\u0105cy projektami zako\u0144czy\u0142 dotychczas zarz\u0105dzanie projektami o \u0142\u0105cznej warto\u015bci ponad 30 000 000 euro. By\u0142y to projekty Erasmus+ i Horyzont 2020 oraz programy rozwoju regionalnego.\u00a0\u00a0 WYMIERNE WYNIKI\u00a0 Nowa propozycja bud\u017cetu UE przewiduje kwot\u0119 82,5 mld euro na realizacj\u0119 polityki sp\u00f3jno\u015bci w Polsce. Polska<\/p>\n","protected":false},"author":57,"featured_media":0,"parent":0,"menu_order":0,"comment_status":"closed","ping_status":"closed","template":"","meta":{"footnotes":""},"class_list":["post-934","page","type-page","status-publish","hentry"],"_links":{"self":[{"href":"https:\/\/avistacm.com\/pl\/wp-json\/wp\/v2\/pages\/934","targetHints":{"allow":["GET"]}}],"collection":[{"href":"https:\/\/avistacm.com\/pl\/wp-json\/wp\/v2\/pages"}],"about":[{"href":"https:\/\/avistacm.com\/pl\/wp-json\/wp\/v2\/types\/page"}],"author":[{"embeddable":true,"href":"https:\/\/avistacm.com\/pl\/wp-json\/wp\/v2\/users\/57"}],"replies":[{"embeddable":true,"href":"https:\/\/avistacm.com\/pl\/wp-json\/wp\/v2\/comments?post=934"}],"version-history":[{"count":3,"href":"https:\/\/avistacm.com\/pl\/wp-json\/wp\/v2\/pages\/934\/revisions"}],"predecessor-version":[{"id":2982,"href":"https:\/\/avistacm.com\/pl\/wp-json\/wp\/v2\/pages\/934\/revisions\/2982"}],"wp:attachment":[{"href":"https:\/\/avistacm.com\/pl\/wp-json\/wp\/v2\/media?parent=934"}],"curies":[{"name":"wp","href":"https:\/\/api.w.org\/{rel}","templated":true}]}}