{"id":982,"date":"2017-04-05T08:06:30","date_gmt":"2017-04-05T08:06:30","guid":{"rendered":"https:\/\/avistacm.com\/?page_id=982\/"},"modified":"2017-08-10T11:02:25","modified_gmt":"2017-08-10T11:02:25","slug":"uslugi-prawne","status":"publish","type":"page","link":"https:\/\/avistacm.com\/pl\/uslugi-prawne\/","title":{"rendered":"Us\u0142ugi Prawne"},"content":{"rendered":"<p>Radca prawny &#8211; mgr Tadeusz Pop\u0142onkowski<\/p>\n<p>Absolwent Wydzia\u0142u Prawa Uniwersytetu Warszawskiego. W latach 1977-2002 pracownik Ministerstwa Edukacji Narodowej. Wieloletni wicedyrektor i dyrektor Departamentu Szkolnictwa Wy\u017cszego. Organizator i pierwszy dyrektor Biura Polskiej Komisji Akredytacyjnej. Uczestnik prac legislacyjnych wprowadzaj\u0105cych w Polsce model szkolnictwa wy\u017cszego uwzgl\u0119dniaj\u0105cy sektor niepubliczny. Od 2002 r. prowadzi Kancelari\u0119 Prawn\u0105 specjalizuj\u0105c\u0105 si\u0119 w obs\u0142udze uczelni niepublicznych.<\/p>\n<p>\u015awiadczymy us\u0142ugi prawne w zakresie:<\/p>\n<ul>\n<li>konsolidacji uczelni,<\/li>\n<li>zmiany za\u0142o\u017cyciela,<\/li>\n<li>opiniowania i przygotowywanie akt\u00f3w wewn\u0105trzuczelnianych: statut\u00f3w, regulamin\u00f3w, uchwa\u0142, zarz\u0105dze\u0144, itp.,<\/li>\n<li>bie\u017c\u0105cego funkcjonowania uczelni.<\/li>\n<\/ul>\n","protected":false},"excerpt":{"rendered":"<p>Radca prawny &#8211; mgr Tadeusz Pop\u0142onkowski Absolwent Wydzia\u0142u Prawa Uniwersytetu Warszawskiego. W latach 1977-2002 pracownik Ministerstwa Edukacji Narodowej. Wieloletni wicedyrektor i dyrektor Departamentu Szkolnictwa Wy\u017cszego. Organizator i pierwszy dyrektor Biura Polskiej Komisji Akredytacyjnej. Uczestnik prac legislacyjnych wprowadzaj\u0105cych w Polsce model szkolnictwa wy\u017cszego uwzgl\u0119dniaj\u0105cy sektor niepubliczny. Od 2002 r. prowadzi Kancelari\u0119 Prawn\u0105 specjalizuj\u0105c\u0105 si\u0119 w obs\u0142udze<\/p>\n","protected":false},"author":57,"featured_media":0,"parent":0,"menu_order":0,"comment_status":"closed","ping_status":"closed","template":"","meta":{"footnotes":""},"class_list":["post-982","page","type-page","status-publish","hentry"],"_links":{"self":[{"href":"https:\/\/avistacm.com\/pl\/wp-json\/wp\/v2\/pages\/982","targetHints":{"allow":["GET"]}}],"collection":[{"href":"https:\/\/avistacm.com\/pl\/wp-json\/wp\/v2\/pages"}],"about":[{"href":"https:\/\/avistacm.com\/pl\/wp-json\/wp\/v2\/types\/page"}],"author":[{"embeddable":true,"href":"https:\/\/avistacm.com\/pl\/wp-json\/wp\/v2\/users\/57"}],"replies":[{"embeddable":true,"href":"https:\/\/avistacm.com\/pl\/wp-json\/wp\/v2\/comments?post=982"}],"version-history":[{"count":0,"href":"https:\/\/avistacm.com\/pl\/wp-json\/wp\/v2\/pages\/982\/revisions"}],"wp:attachment":[{"href":"https:\/\/avistacm.com\/pl\/wp-json\/wp\/v2\/media?parent=982"}],"curies":[{"name":"wp","href":"https:\/\/api.w.org\/{rel}","templated":true}]}}